{"id":847,"date":"2025-09-11T14:35:42","date_gmt":"2025-09-11T14:35:42","guid":{"rendered":"http:\/\/staffiqo.ch\/?page_id=847"},"modified":"2026-04-06T19:23:56","modified_gmt":"2026-04-06T19:23:56","slug":"services","status":"publish","type":"page","link":"https:\/\/staffiqo.ch\/de\/services\/","title":{"rendered":"Dienstleistungen"},"content":{"rendered":"<div class=\"wp-block-cover alignfull has-custom-content-position is-position-top-center wp-duotone-unset-2\" style=\"padding-top:0;padding-right:0;padding-bottom:0;padding-left:0;min-height:175px;aspect-ratio:unset;\"><img decoding=\"async\" class=\"wp-block-cover__image-background wp-image-4948 size-full\" alt=\"\" src=\"https:\/\/staffiqo.ch\/wp-content\/themes\/firmora\/assets\/images\/firmora-banner.jpg\" style=\"object-position:52% 77%\" data-object-fit=\"cover\" data-object-position=\"52% 77%\"\/><span aria-hidden=\"true\" class=\"wp-block-cover__background has-background-dim-60 has-background-dim\"><\/span><div class=\"wp-block-cover__inner-container has-global-padding is-layout-constrained wp-container-core-cover-is-layout-639b5052 wp-block-cover-is-layout-constrained\">\n<div class=\"wp-block-group alignfull is-content-justification-left is-nowrap is-layout-flex wp-container-core-group-is-layout-fc9f69e7 wp-block-group-is-layout-flex\">\n<div class=\"wp-block-group has-transparent-background-color has-background is-layout-flow wp-container-core-group-is-layout-e603688c wp-block-group-is-layout-flow\" style=\"margin-top:0;margin-bottom:0;padding-top:0;padding-right:0;padding-bottom:0;padding-left:0\">\n<div class=\"wp-block-group alignfull wb-header-wrapper has-global-padding is-layout-constrained wp-container-core-group-is-layout-3f8c44ea wp-block-group-is-layout-constrained\" style=\"padding-top:var(--wp--preset--spacing--30);padding-right:var(--wp--preset--spacing--40);padding-bottom:var(--wp--preset--spacing--30);padding-left:var(--wp--preset--spacing--40)\"><div class=\"wp-block-site-logo\"><a href=\"https:\/\/staffiqo.ch\/de\/\" class=\"custom-logo-link\" rel=\"home\"><img loading=\"lazy\" decoding=\"async\" width=\"101\" height=\"101\" src=\"https:\/\/staffiqo.ch\/wp-content\/uploads\/2025\/09\/ChatGPT-Image-15.-Sept.-2025-20_50_17-1.png\" class=\"custom-logo\" alt=\"\" srcset=\"https:\/\/staffiqo.ch\/wp-content\/uploads\/2025\/09\/ChatGPT-Image-15.-Sept.-2025-20_50_17-1.png 1024w, https:\/\/staffiqo.ch\/wp-content\/uploads\/2025\/09\/ChatGPT-Image-15.-Sept.-2025-20_50_17-1-300x300.png 300w, https:\/\/staffiqo.ch\/wp-content\/uploads\/2025\/09\/ChatGPT-Image-15.-Sept.-2025-20_50_17-1-150x150.png 150w, https:\/\/staffiqo.ch\/wp-content\/uploads\/2025\/09\/ChatGPT-Image-15.-Sept.-2025-20_50_17-1-768x768.png 768w, https:\/\/staffiqo.ch\/wp-content\/uploads\/2025\/09\/ChatGPT-Image-15.-Sept.-2025-20_50_17-1-610x610.png 610w\" sizes=\"auto, (max-width: 101px) 100vw, 101px\" \/><\/a><\/div><\/div>\n<\/div>\n\n\n\n<div class=\"wp-block-group alignwide is-layout-flex wp-container-core-group-is-layout-ce90e6e1 wp-block-group-is-layout-flex\" style=\"min-height:0px;margin-top:var(--wp--preset--spacing--x-large);margin-bottom:var(--wp--preset--spacing--x-large);padding-top:0;padding-right:0;padding-bottom:0;padding-left:0\">\n\n<nav style=\"font-style:normal;font-weight:700;line-height:1;\" class=\"has-small-font-size is-responsive items-justified-center wp-block-navigation is-horizontal is-content-justification-center is-layout-flex wp-container-core-navigation-is-layout-1c8b30f6 wp-block-navigation-is-layout-flex\" aria-label=\"Main Menu Right\" \n\t\t data-wp-interactive=\"core\/navigation\" data-wp-context='{\"overlayOpenedBy\":{\"click\":false,\"hover\":false,\"focus\":false},\"type\":\"overlay\",\"roleAttribute\":\"\",\"ariaLabel\":\"Men\\u00fc\"}'><button aria-haspopup=\"dialog\"  class=\"wp-block-navigation__responsive-container-open\" \n\t\t\t\tdata-wp-on--click=\"actions.openMenuOnClick\"\n\t\t\t\tdata-wp-on--keydown=\"actions.handleMenuKeydown\"\n\t\t\t>Men\u00fc<\/button>\n\t\t\t\t<div class=\"wp-block-navigation__responsive-container\"  id=\"modal-1\" \n\t\t\t\tdata-wp-class--has-modal-open=\"state.isMenuOpen\"\n\t\t\t\tdata-wp-class--is-menu-open=\"state.isMenuOpen\"\n\t\t\t\tdata-wp-watch=\"callbacks.initMenu\"\n\t\t\t\tdata-wp-on--keydown=\"actions.handleMenuKeydown\"\n\t\t\t\tdata-wp-on--focusout=\"actions.handleMenuFocusout\"\n\t\t\t\ttabindex=\"-1\"\n\t\t\t>\n\t\t\t\t\t<div class=\"wp-block-navigation__responsive-close\" tabindex=\"-1\">\n\t\t\t\t\t\t<div class=\"wp-block-navigation__responsive-dialog\" \n\t\t\t\tdata-wp-bind--aria-modal=\"state.ariaModal\"\n\t\t\t\tdata-wp-bind--aria-label=\"state.ariaLabel\"\n\t\t\t\tdata-wp-bind--role=\"state.roleAttribute\"\n\t\t\t>\n\t\t\t\t\t\t\t<button  class=\"wp-block-navigation__responsive-container-close\" \n\t\t\t\tdata-wp-on--click=\"actions.closeMenuOnClick\"\n\t\t\t>Schliessen<\/button>\n\t\t\t\t\t\t\t<div class=\"wp-block-navigation__responsive-container-content\" \n\t\t\t\tdata-wp-watch=\"callbacks.focusFirstElement\"\n\t\t\t id=\"modal-1-content\">\n\t\t\t\t\t\t\t\t<ul style=\"font-style:normal;font-weight:700;line-height:1;\" class=\"wp-block-navigation__container has-small-font-size is-responsive items-justified-center wp-block-navigation has-small-font-size\"><li class=\"has-small-font-size wp-block-navigation-item  menu-item menu-item-type-custom menu-item-object-custom wp-block-navigation-link\"><a class=\"wp-block-navigation-item__content\"  href=\"\/de\/about-us\/\" title=\"\"><span class=\"wp-block-navigation-item__label\">\u00dcber uns<\/span><\/a><\/li><li class=\"has-small-font-size wp-block-navigation-item  menu-item menu-item-type-custom menu-item-object-custom wp-block-navigation-link\"><a class=\"wp-block-navigation-item__content\"  href=\"\/de\/services\/\" title=\"\"><span class=\"wp-block-navigation-item__label\">Dienstleistungen<\/span><\/a><\/li><li class=\"has-small-font-size wp-block-navigation-item  menu-item menu-item-type-custom menu-item-object-custom wp-block-navigation-link\"><a class=\"wp-block-navigation-item__content\"  href=\"http:\/\/staffiqo.ch\/de\/contact\/\" title=\"\"><span class=\"wp-block-navigation-item__label\">Kontakt<\/span><\/a><\/li><\/ul>\n\t\t\t\t\t\t\t<\/div>\n\t\t\t\t\t\t<\/div>\n\t\t\t\t\t<\/div>\n\t\t\t\t<\/div><\/nav><\/div>\n\n\n\n<div class=\"wp-block-buttons is-layout-flex wp-block-buttons-is-layout-flex\">\n<div class=\"wp-block-button is-style-fill\"><a class=\"wp-block-button__link has-base-color has-text-color has-link-color has-small-font-size has-custom-font-size wp-element-button\" href=\"http:\/\/staffiqo.ch\/de\/booking-page\/\" style=\"border-width:1px;border-radius:12px\">Let\u00b4s Talk<\/a><\/div>\n<\/div>\n<\/div>\n\n\n\n<div class=\"wp-block-buttons is-content-justification-right is-layout-flex wp-container-core-buttons-is-layout-a6d96f85 wp-block-buttons-is-layout-flex\"><\/div>\n<\/div><\/div>\n\n\n\n<div class=\"wp-block-group has-global-padding is-layout-constrained wp-container-core-group-is-layout-ce883e75 wp-block-group-is-layout-constrained\" style=\"margin-top:var(--wp--preset--spacing--x-small);margin-bottom:var(--wp--preset--spacing--x-small);padding-top:0;padding-right:var(--wp--preset--spacing--small);padding-bottom:var(--wp--preset--spacing--medium);padding-left:var(--wp--preset--spacing--small)\">\n<p class=\"has-text-align-center has-base-color has-text-color has-link-color has-medium-font-size wp-elements-dd7c2605f58b392b42b35d04def911d3\" style=\"padding-top:var(--wp--preset--spacing--2-x-small);font-style:normal;font-weight:400;line-height:1.8\"><strong>Mit Staffiqo erhalten Sie vollst\u00e4ndig betreute HR-Administration, Vertragsmanagement, Systeme und Compliance \u2013 ohne den Ausbau Ihres internen Teams.<\/strong><\/p>\n\n\n\n<div class=\"wp-block-columns is-layout-flex wp-container-core-columns-is-layout-aec2cc15 wp-block-columns-is-layout-flex\" style=\"margin-top:var(--wp--preset--spacing--x-large)\">\n<div class=\"wp-block-column is-vertically-aligned-center is-layout-flow wp-container-core-column-is-layout-f60454cc wp-block-column-is-layout-flow\" style=\"flex-basis:60%\">\n<p class=\"star is-style-admin-icon has-assets-one-color has-text-color has-link-color wp-elements-3b34574dff768c02eb33cad393d7ed07\" style=\"font-size:clamp(17.371px, 1.086rem + ((1vw - 3.2px) * 0.983), 27px);font-style:normal;font-weight:700\">Unsere Leistungen<\/p>\n\n\n\n<h4 class=\"wp-block-heading has-base-color has-text-color has-link-color has-medium-font-size wp-elements-cb2482caeddd047ac23e1a4fc6101296\" style=\"margin-top:var(--wp--preset--spacing--small);font-style:normal;font-weight:700;line-height:1.2\">Ihr Partner f\u00fcr modernes HR-Outsourcing<br><\/h4>\n\n\n\n<p class=\"has-text-align-left has-text-color has-link-color wp-elements-174ddb2865865a9f71c1c129048e1ba7\" style=\"color:#cccccc;padding-top:var(--wp--preset--spacing--x-small);font-size:clamp(14px, 0.875rem + ((1vw - 3.2px) * 0.306), 17px);font-style:normal;font-weight:400;line-height:1.8\">Wir sind spezialisiert auf intelligente administrative Unterst\u00fctzung und HR Operations f\u00fcr multinationale Unternehmen in dynamischen und anspruchsvollen Umfeldern. Ob wachsendes Start-up oder schlank organisierte Unternehmung \u2013 wir schaffen pr\u00e4zise, regelkonforme und effiziente HR-Strukturen. Unsere Leistungen decken den gesamten Employee Lifecycle ab, stellen eine reibungslose Compliance sicher und integrieren moderne Tools f\u00fcr mehr Effizienz und nachhaltige Innovation. <\/p>\n<\/div>\n\n\n\n<div class=\"wp-block-column is-vertically-aligned-center is-layout-flow wp-block-column-is-layout-flow\" style=\"flex-basis:40%\">\n<figure class=\"wp-block-image aligncenter size-full has-custom-border\"><img loading=\"lazy\" decoding=\"async\" width=\"1600\" height=\"900\" src=\"http:\/\/staffiqo.ch\/wp-content\/uploads\/2025\/09\/5u_28ojjgms.jpg\" alt=\"people sitting on chair\" class=\"wp-image-807\" style=\"border-radius:20px\" srcset=\"https:\/\/staffiqo.ch\/wp-content\/uploads\/2025\/09\/5u_28ojjgms.jpg 1600w, https:\/\/staffiqo.ch\/wp-content\/uploads\/2025\/09\/5u_28ojjgms-300x169.jpg 300w, https:\/\/staffiqo.ch\/wp-content\/uploads\/2025\/09\/5u_28ojjgms-1024x576.jpg 1024w, https:\/\/staffiqo.ch\/wp-content\/uploads\/2025\/09\/5u_28ojjgms-768x432.jpg 768w, https:\/\/staffiqo.ch\/wp-content\/uploads\/2025\/09\/5u_28ojjgms-1536x864.jpg 1536w, https:\/\/staffiqo.ch\/wp-content\/uploads\/2025\/09\/5u_28ojjgms-610x343.jpg 610w\" sizes=\"auto, (max-width: 1600px) 100vw, 1600px\" \/><\/figure>\n<\/div>\n<\/div>\n\n\n\n<div class=\"wp-block-group has-global-padding is-layout-constrained wp-container-core-group-is-layout-9bd3a9b0 wp-block-group-is-layout-constrained\" style=\"margin-top:var(--wp--preset--spacing--large)\">\n<div class=\"wp-block-columns is-layout-flex wp-container-core-columns-is-layout-494b7923 wp-block-columns-is-layout-flex\">\n<div class=\"wp-block-column has-assets-three-background-color has-background is-layout-flow wp-container-core-column-is-layout-45c34140 wp-block-column-is-layout-flow\" style=\"border-radius:22px;border-top-color:var(--wp--preset--color--assets-one);border-top-width:2px;padding-top:var(--wp--preset--spacing--medium);padding-right:var(--wp--preset--spacing--large);padding-bottom:var(--wp--preset--spacing--medium);padding-left:var(--wp--preset--spacing--small)\">\n<h2 class=\"wp-block-heading has-text-align-left\" style=\"padding-top:var(--wp--preset--spacing--x-small);font-size:clamp(14px, 0.875rem + ((1vw - 3.2px) * 0.612), 20px);font-style:normal;font-weight:600;line-height:1.4\">Administration des Mitarbeiterlebenszyklus<\/h2>\n\n\n\n<p class=\"has-text-color has-link-color wp-elements-db42d7ffc033e20c6e755012df42cbea\" style=\"color:#cccccc;padding-top:var(--wp--preset--spacing--2-x-small);padding-bottom:0;font-size:clamp(14px, 0.875rem + ((1vw - 3.2px) * 0.102), 15px);font-style:normal;font-weight:400;line-height:1.8\">Im Mittelpunkt unserer Dienstleistungen steht die \numfassende Begleitung des gesamten Employee Lifecycle \u2014 \nvom Eintritt bis zum Austritt. Durch strukturierte \nWorkflows reduzieren wir manuelle Aufgaben und \nerh\u00f6hen die Prozessqualit\u00e4t.<\/p>\n<\/div>\n\n\n\n<div class=\"wp-block-column has-border-color has-assets-three-background-color has-background is-layout-flow wp-container-core-column-is-layout-45c34140 wp-block-column-is-layout-flow\" style=\"border-color:#404040;border-width:1px;border-radius:22px;padding-top:var(--wp--preset--spacing--medium);padding-right:var(--wp--preset--spacing--large);padding-bottom:var(--wp--preset--spacing--medium);padding-left:var(--wp--preset--spacing--small)\">\n<h2 class=\"wp-block-heading has-text-align-left\" style=\"padding-top:var(--wp--preset--spacing--x-small);font-size:clamp(14px, 0.875rem + ((1vw - 3.2px) * 0.612), 20px);font-style:normal;font-weight:600;line-height:1.4\">Compliance- und Dokumentenmanagement<\/h2>\n\n\n\n<p class=\"has-text-color has-link-color wp-elements-0422a961ab7bb3421d3a11cd6876ad67\" style=\"color:#cccccc;padding-top:var(--wp--preset--spacing--2-x-small);padding-bottom:0;font-size:clamp(14px, 0.875rem + ((1vw - 3.2px) * 0.102), 15px);font-style:normal;font-weight:400;line-height:1.8\">Wir stellen sicher, dass Ihre HR-Prozesse den lokalen und internationalen gesetzlichen Anforderungen entsprechen, mit besonderem Fokus auf das schweizerische Arbeitsrecht. S\u00e4mtliche HR-Dokumentationen werden pr\u00e4zise und strukturiert gef\u00fchrt \u2013 auf Basis standardisierter, markenkonformer Templates.<\/p>\n<\/div>\n\n\n\n<div class=\"wp-block-column has-border-color has-assets-three-background-color has-background is-layout-flow wp-container-core-column-is-layout-45c34140 wp-block-column-is-layout-flow\" style=\"border-color:#404040;border-width:1px;border-radius:22px;padding-top:var(--wp--preset--spacing--medium);padding-right:var(--wp--preset--spacing--large);padding-bottom:var(--wp--preset--spacing--medium);padding-left:var(--wp--preset--spacing--small)\">\n<h2 class=\"wp-block-heading has-text-align-left\" style=\"padding-top:var(--wp--preset--spacing--x-small);font-size:clamp(14px, 0.875rem + ((1vw - 3.2px) * 0.612), 20px);font-style:normal;font-weight:600;line-height:1.4\">Payroll- und finanzielle HR-Unterst\u00fctzung<\/h2>\n\n\n\n<p class=\"has-text-color has-link-color wp-elements-85b488e5455b7929da4e3d8c7960a0b8\" style=\"color:#cccccc;padding-top:var(--wp--preset--spacing--2-x-small);padding-bottom:0;font-size:clamp(14px, 0.875rem + ((1vw - 3.2px) * 0.102), 15px);font-style:normal;font-weight:400;line-height:1.8\">Wir arbeiten eng mit Ihren internen Teams sowie externen Payroll- und Finanzdienstleistern zusammen und sorgen f\u00fcr eine korrekte, termingerechte Lohnverarbeitung. Durch klare Prozesse und Automatisierung reduzieren wir den administrativen Aufwand und erh\u00f6hen gleichzeitig die Datenqualit\u00e4t und Genauigkeit.<\/p>\n<\/div>\n<\/div>\n\n\n\n<div class=\"wp-block-columns is-layout-flex wp-container-core-columns-is-layout-494b7923 wp-block-columns-is-layout-flex\">\n<div class=\"wp-block-column has-border-color has-assets-three-background-color has-background is-layout-flow wp-container-core-column-is-layout-45c34140 wp-block-column-is-layout-flow\" style=\"border-color:#404040;border-width:1px;border-radius:22px;padding-top:var(--wp--preset--spacing--medium);padding-right:var(--wp--preset--spacing--large);padding-bottom:var(--wp--preset--spacing--medium);padding-left:var(--wp--preset--spacing--small)\">\n<h2 class=\"wp-block-heading has-text-align-left\" style=\"padding-top:var(--wp--preset--spacing--x-small);font-size:clamp(14px, 0.875rem + ((1vw - 3.2px) * 0.612), 20px);font-style:normal;font-weight:600;line-height:1.4\">HR-Projekte, Digitalisierung und Prozessoptimierung<\/h2>\n\n\n\n<p class=\"has-text-color has-link-color wp-elements-623803bcff95d3e800af1d6dd09fc01d\" style=\"color:#cccccc;padding-top:var(--wp--preset--spacing--2-x-small);padding-bottom:0;font-size:clamp(14px, 0.875rem + ((1vw - 3.2px) * 0.102), 15px);font-style:normal;font-weight:400;line-height:1.8\">\u00dcber das Tagesgesch\u00e4ft hinaus begleiten wir Sie bei Transformations- und Optimierungsprojekten. Als integraler Bestandteil Ihres HR-Teams unterst\u00fctzen wir die Digitalisierung von HR-Prozessen und treiben Effizienz sowie Innovation durch den gezielten Einsatz moderner Technologien voran.<\/p>\n<\/div>\n\n\n\n<div class=\"wp-block-column has-border-color has-assets-three-background-color has-background is-layout-flow wp-container-core-column-is-layout-45c34140 wp-block-column-is-layout-flow\" style=\"border-color:#404040;border-width:1px;border-radius:22px;padding-top:var(--wp--preset--spacing--medium);padding-right:var(--wp--preset--spacing--large);padding-bottom:var(--wp--preset--spacing--medium);padding-left:var(--wp--preset--spacing--small)\">\n<h2 class=\"wp-block-heading has-text-align-left\" style=\"padding-top:var(--wp--preset--spacing--x-small);font-size:clamp(14px, 0.875rem + ((1vw - 3.2px) * 0.612), 20px);font-style:normal;font-weight:600;line-height:1.4\">Unterst\u00fctzung bei Audits und Inspektionen<\/h2>\n\n\n\n<p class=\"has-text-color has-link-color wp-elements-2ea94574805f9bb29e2cee37d2f20b95\" style=\"color:#cccccc;padding-top:var(--wp--preset--spacing--2-x-small);padding-bottom:0;font-size:clamp(14px, 0.875rem + ((1vw - 3.2px) * 0.102), 15px);font-style:normal;font-weight:400;line-height:1.8\">Professionelle Begleitung bei internen und externen Audits \u2013 inklusive strukturierter Dokumentenvorbereitung, Abstimmung mit relevanten Stakeholdern sowie fachlicher Unterst\u00fctzung w\u00e4hrend Pr\u00fcfungen.<\/p>\n<\/div>\n\n\n\n<div class=\"wp-block-column has-border-color has-assets-three-background-color has-background is-layout-flow wp-container-core-column-is-layout-45c34140 wp-block-column-is-layout-flow\" style=\"border-color:#404040;border-width:1px;border-radius:22px;padding-top:var(--wp--preset--spacing--medium);padding-right:var(--wp--preset--spacing--large);padding-bottom:var(--wp--preset--spacing--medium);padding-left:var(--wp--preset--spacing--small)\">\n<h2 class=\"wp-block-heading has-text-align-left\" style=\"padding-top:var(--wp--preset--spacing--x-small);font-size:clamp(14px, 0.875rem + ((1vw - 3.2px) * 0.612), 20px);font-style:normal;font-weight:600;line-height:1.4\">Relocation- und Bewilligungskoordination<\/h2>\n\n\n\n<p class=\"has-text-color has-link-color wp-elements-3feeba717e9ed4af185fd2aba5c560d0\" style=\"color:#cccccc;padding-top:var(--wp--preset--spacing--2-x-small);padding-bottom:0;font-size:clamp(14px, 0.875rem + ((1vw - 3.2px) * 0.102), 15px);font-style:normal;font-weight:400;line-height:1.8\">Fachkundige Koordination von schweizerischen Arbeits- und Aufenthaltsbewilligungen, lokalen Anmeldungen sowie strukturierter Unterst\u00fctzung f\u00fcr internationale Mitarbeitende. Unser Service gew\u00e4hrleistet ein schnelles, rechtskonformes Onboarding von internationalen Talenten.<\/p>\n<\/div>\n<\/div>\n<\/div>\n<\/div>","protected":false},"excerpt":{"rendered":"<p>With Staffiqo, you get fully handled HR admin, contracts, systems, and compliance \u2013 without needing to expand your internal team. [&hellip;]<\/p>\n","protected":false},"author":1,"featured_media":0,"parent":0,"menu_order":0,"comment_status":"closed","ping_status":"closed","template":"","meta":{"footnotes":""},"class_list":["post-847","page","type-page","status-publish","hentry"],"_links":{"self":[{"href":"https:\/\/staffiqo.ch\/de\/wp-json\/wp\/v2\/pages\/847","targetHints":{"allow":["GET"]}}],"collection":[{"href":"https:\/\/staffiqo.ch\/de\/wp-json\/wp\/v2\/pages"}],"about":[{"href":"https:\/\/staffiqo.ch\/de\/wp-json\/wp\/v2\/types\/page"}],"author":[{"embeddable":true,"href":"https:\/\/staffiqo.ch\/de\/wp-json\/wp\/v2\/users\/1"}],"replies":[{"embeddable":true,"href":"https:\/\/staffiqo.ch\/de\/wp-json\/wp\/v2\/comments?post=847"}],"version-history":[{"count":7,"href":"https:\/\/staffiqo.ch\/de\/wp-json\/wp\/v2\/pages\/847\/revisions"}],"predecessor-version":[{"id":1355,"href":"https:\/\/staffiqo.ch\/de\/wp-json\/wp\/v2\/pages\/847\/revisions\/1355"}],"wp:attachment":[{"href":"https:\/\/staffiqo.ch\/de\/wp-json\/wp\/v2\/media?parent=847"}],"curies":[{"name":"wp","href":"https:\/\/api.w.org\/{rel}","templated":true}]}}